{"id":2454,"date":"2020-06-04T02:27:24","date_gmt":"2020-06-04T00:27:24","guid":{"rendered":"http:\/\/john-oscanlan.fr\/?page_id=2454"},"modified":"2020-10-06T02:24:28","modified_gmt":"2020-10-06T00:24:28","slug":"ventes","status":"publish","type":"page","link":"https:\/\/john-oscanlan.fr\/?page_id=2454","title":{"rendered":"Ventes"},"content":{"rendered":"<p><strong>BRONZES<\/strong><\/p>\n<p>Haute id\u00e9e fixe : 1900 \u20ac \u2026\u2026..\u2026\u2026\u2026\u2026\u2026\u2026..\u2026\u2026..\u2026. 1 tirage disponible<\/p>\n<p>La fleur des m\u00e2les : 2600 \u20ac \u2026\u2026\u2026\u2026\u2026\u2026\u2026.\u2026.\u2026\u2026. 1 tirage disponible<\/p>\n<p>Lettre d\u2019amour : 1250 \u20ac \u2026..\u2026\u2026.\u2026\u2026&#8230;&#8230;.\u2026&#8230;\u2026..\u2026.. 1 tirage disponible<\/p>\n<p>Mariage freudien : 2250 \u20ac \u2026\u2026\u2026\u2026.\u2026\u2026\u2026\u2026&#8230;\u2026\u2026. 1 tirage disponible<\/p>\n<p>Pi\u00e8ce mont\u00e9e : 1900 \u20ac \u2026\u2026\u2026\u2026\u2026\u2026.\u2026\u2026\u2026\u2026.\u2026\u2026&#8230; 1 tirage disponible<\/p>\n<p>Une id\u00e9e br\u00fblante derri\u00e8re la t\u00eate : 2600 \u20ac \u2026. 1 tirage disponible<\/p>\n<p>En avant la musique : 950\u20ac \u2026\u2026\u2026\u2026\u2026\u2026\u2026&#8230;\u2026.\u2026. 1 tirage disponible<\/p>\n","protected":false},"excerpt":{"rendered":"<p>BRONZES Haute id\u00e9e fixe : 1900 \u20ac \u2026\u2026..\u2026\u2026\u2026\u2026\u2026\u2026..\u2026\u2026..\u2026. 1 tirage disponible La fleur des m\u00e2les : 2600 \u20ac \u2026\u2026\u2026\u2026\u2026\u2026\u2026.\u2026.\u2026\u2026. 1 tirage disponible Lettre d\u2019amour : 1250 \u20ac \u2026..\u2026\u2026.\u2026\u2026&#8230;&#8230;.\u2026&#8230;\u2026..\u2026.. 1 tirage disponible Mariage freudien : 2250 \u20ac \u2026\u2026\u2026\u2026.\u2026\u2026\u2026\u2026&#8230;\u2026\u2026. 1 tirage disponible Pi\u00e8ce mont\u00e9e : 1900 \u20ac \u2026\u2026\u2026\u2026\u2026\u2026.\u2026\u2026\u2026\u2026.\u2026\u2026&#8230; 1 tirage disponible Une id\u00e9e br\u00fblante derri\u00e8re la t\u00eate &hellip; <\/p>\n<p class=\"link-more\"><a href=\"https:\/\/john-oscanlan.fr\/?page_id=2454\" class=\"more-link\">Continuer la lecture<span class=\"screen-reader-text\"> de &laquo;&nbsp;Ventes&nbsp;&raquo;<\/span><\/a><\/p>\n","protected":false},"author":2,"featured_media":0,"parent":0,"menu_order":0,"comment_status":"closed","ping_status":"closed","template":"","meta":{"_sitemap_exclude":false,"_sitemap_priority":"","_sitemap_frequency":"","footnotes":""},"class_list":["post-2454","page","type-page","status-publish","hentry"],"yoast_head":"<!-- This site is optimized with the Yoast SEO plugin v27.1.1 - https:\/\/yoast.com\/product\/yoast-seo-wordpress\/ -->\n<title>Ventes - John O&#039;SCANLAN - \u0153uvres<\/title>\n<meta name=\"robots\" content=\"index, follow, max-snippet:-1, max-image-preview:large, max-video-preview:-1\" \/>\n<link rel=\"canonical\" href=\"https:\/\/john-oscanlan.fr\/?page_id=2454\" \/>\n<meta property=\"og:locale\" content=\"fr_FR\" \/>\n<meta property=\"og:type\" content=\"article\" \/>\n<meta property=\"og:title\" content=\"Ventes - John O&#039;SCANLAN - \u0153uvres\" \/>\n<meta property=\"og:description\" content=\"BRONZES Haute id\u00e9e fixe : 1900 \u20ac \u2026\u2026..\u2026\u2026\u2026\u2026\u2026\u2026..\u2026\u2026..\u2026. 1 tirage disponible La fleur des m\u00e2les : 2600 \u20ac \u2026\u2026\u2026\u2026\u2026\u2026\u2026.\u2026.\u2026\u2026. 1 tirage disponible Lettre d\u2019amour : 1250 \u20ac \u2026..\u2026\u2026.\u2026\u2026&#8230;&#8230;.\u2026&#8230;\u2026..\u2026.. 1 tirage disponible Mariage freudien : 2250 \u20ac \u2026\u2026\u2026\u2026.\u2026\u2026\u2026\u2026&#8230;\u2026\u2026. 1 tirage disponible Pi\u00e8ce mont\u00e9e : 1900 \u20ac \u2026\u2026\u2026\u2026\u2026\u2026.\u2026\u2026\u2026\u2026.\u2026\u2026&#8230; 1 tirage disponible Une id\u00e9e br\u00fblante derri\u00e8re la t\u00eate &hellip; Continuer la lecture de &laquo;&nbsp;Ventes&nbsp;&raquo;\" \/>\n<meta property=\"og:url\" content=\"https:\/\/john-oscanlan.fr\/?page_id=2454\" \/>\n<meta property=\"og:site_name\" content=\"John O&#039;SCANLAN - \u0153uvres\" \/>\n<meta property=\"article:modified_time\" content=\"2020-10-06T00:24:28+00:00\" \/>\n<meta name=\"twitter:card\" content=\"summary_large_image\" \/>\n<script type=\"application\/ld+json\" class=\"yoast-schema-graph\">{\"@context\":\"https:\/\/schema.org\",\"@graph\":[{\"@type\":\"WebPage\",\"@id\":\"https:\/\/john-oscanlan.fr\/?page_id=2454\",\"url\":\"https:\/\/john-oscanlan.fr\/?page_id=2454\",\"name\":\"Ventes - John O&#039;SCANLAN - \u0153uvres\",\"isPartOf\":{\"@id\":\"https:\/\/john-oscanlan.fr\/#website\"},\"datePublished\":\"2020-06-04T00:27:24+00:00\",\"dateModified\":\"2020-10-06T00:24:28+00:00\",\"breadcrumb\":{\"@id\":\"https:\/\/john-oscanlan.fr\/?page_id=2454#breadcrumb\"},\"inLanguage\":\"fr-FR\",\"potentialAction\":[{\"@type\":\"ReadAction\",\"target\":[\"https:\/\/john-oscanlan.fr\/?page_id=2454\"]}]},{\"@type\":\"BreadcrumbList\",\"@id\":\"https:\/\/john-oscanlan.fr\/?page_id=2454#breadcrumb\",\"itemListElement\":[{\"@type\":\"ListItem\",\"position\":1,\"name\":\"Accueil\",\"item\":\"https:\/\/john-oscanlan.fr\/\"},{\"@type\":\"ListItem\",\"position\":2,\"name\":\"Ventes\"}]},{\"@type\":\"WebSite\",\"@id\":\"https:\/\/john-oscanlan.fr\/#website\",\"url\":\"https:\/\/john-oscanlan.fr\/\",\"name\":\"John O'SCANLAN\",\"description\":\"Dessins, sculptures et textes.\",\"potentialAction\":[{\"@type\":\"SearchAction\",\"target\":{\"@type\":\"EntryPoint\",\"urlTemplate\":\"https:\/\/john-oscanlan.fr\/?s={search_term_string}\"},\"query-input\":{\"@type\":\"PropertyValueSpecification\",\"valueRequired\":true,\"valueName\":\"search_term_string\"}}],\"inLanguage\":\"fr-FR\"}]}<\/script>\n<!-- \/ Yoast SEO plugin. -->","yoast_head_json":{"title":"Ventes - John O&#039;SCANLAN - \u0153uvres","robots":{"index":"index","follow":"follow","max-snippet":"max-snippet:-1","max-image-preview":"max-image-preview:large","max-video-preview":"max-video-preview:-1"},"canonical":"https:\/\/john-oscanlan.fr\/?page_id=2454","og_locale":"fr_FR","og_type":"article","og_title":"Ventes - John O&#039;SCANLAN - \u0153uvres","og_description":"BRONZES Haute id\u00e9e fixe : 1900 \u20ac \u2026\u2026..\u2026\u2026\u2026\u2026\u2026\u2026..\u2026\u2026..\u2026. 1 tirage disponible La fleur des m\u00e2les : 2600 \u20ac \u2026\u2026\u2026\u2026\u2026\u2026\u2026.\u2026.\u2026\u2026. 1 tirage disponible Lettre d\u2019amour : 1250 \u20ac \u2026..\u2026\u2026.\u2026\u2026&#8230;&#8230;.\u2026&#8230;\u2026..\u2026.. 1 tirage disponible Mariage freudien : 2250 \u20ac \u2026\u2026\u2026\u2026.\u2026\u2026\u2026\u2026&#8230;\u2026\u2026. 1 tirage disponible Pi\u00e8ce mont\u00e9e : 1900 \u20ac \u2026\u2026\u2026\u2026\u2026\u2026.\u2026\u2026\u2026\u2026.\u2026\u2026&#8230; 1 tirage disponible Une id\u00e9e br\u00fblante derri\u00e8re la t\u00eate &hellip; Continuer la lecture de &laquo;&nbsp;Ventes&nbsp;&raquo;","og_url":"https:\/\/john-oscanlan.fr\/?page_id=2454","og_site_name":"John O&#039;SCANLAN - \u0153uvres","article_modified_time":"2020-10-06T00:24:28+00:00","twitter_card":"summary_large_image","schema":{"@context":"https:\/\/schema.org","@graph":[{"@type":"WebPage","@id":"https:\/\/john-oscanlan.fr\/?page_id=2454","url":"https:\/\/john-oscanlan.fr\/?page_id=2454","name":"Ventes - John O&#039;SCANLAN - \u0153uvres","isPartOf":{"@id":"https:\/\/john-oscanlan.fr\/#website"},"datePublished":"2020-06-04T00:27:24+00:00","dateModified":"2020-10-06T00:24:28+00:00","breadcrumb":{"@id":"https:\/\/john-oscanlan.fr\/?page_id=2454#breadcrumb"},"inLanguage":"fr-FR","potentialAction":[{"@type":"ReadAction","target":["https:\/\/john-oscanlan.fr\/?page_id=2454"]}]},{"@type":"BreadcrumbList","@id":"https:\/\/john-oscanlan.fr\/?page_id=2454#breadcrumb","itemListElement":[{"@type":"ListItem","position":1,"name":"Accueil","item":"https:\/\/john-oscanlan.fr\/"},{"@type":"ListItem","position":2,"name":"Ventes"}]},{"@type":"WebSite","@id":"https:\/\/john-oscanlan.fr\/#website","url":"https:\/\/john-oscanlan.fr\/","name":"John O'SCANLAN","description":"Dessins, sculptures et textes.","potentialAction":[{"@type":"SearchAction","target":{"@type":"EntryPoint","urlTemplate":"https:\/\/john-oscanlan.fr\/?s={search_term_string}"},"query-input":{"@type":"PropertyValueSpecification","valueRequired":true,"valueName":"search_term_string"}}],"inLanguage":"fr-FR"}]}},"_links":{"self":[{"href":"https:\/\/john-oscanlan.fr\/index.php?rest_route=\/wp\/v2\/pages\/2454","targetHints":{"allow":["GET"]}}],"collection":[{"href":"https:\/\/john-oscanlan.fr\/index.php?rest_route=\/wp\/v2\/pages"}],"about":[{"href":"https:\/\/john-oscanlan.fr\/index.php?rest_route=\/wp\/v2\/types\/page"}],"author":[{"embeddable":true,"href":"https:\/\/john-oscanlan.fr\/index.php?rest_route=\/wp\/v2\/users\/2"}],"replies":[{"embeddable":true,"href":"https:\/\/john-oscanlan.fr\/index.php?rest_route=%2Fwp%2Fv2%2Fcomments&post=2454"}],"version-history":[{"count":0,"href":"https:\/\/john-oscanlan.fr\/index.php?rest_route=\/wp\/v2\/pages\/2454\/revisions"}],"wp:attachment":[{"href":"https:\/\/john-oscanlan.fr\/index.php?rest_route=%2Fwp%2Fv2%2Fmedia&parent=2454"}],"curies":[{"name":"wp","href":"https:\/\/api.w.org\/{rel}","templated":true}]}}