{"id":2349,"date":"2020-06-02T19:48:02","date_gmt":"2020-06-02T17:48:02","guid":{"rendered":"http:\/\/john-oscanlan.fr\/?page_id=2349"},"modified":"2026-02-06T01:26:28","modified_gmt":"2026-02-06T00:26:28","slug":"elementor-2349","status":"publish","type":"page","link":"https:\/\/john-oscanlan.fr\/?page_id=2349","title":{"rendered":"Sculptures"},"content":{"rendered":"<div id=\"pl-2349\"  class=\"panel-layout\" ><div id=\"pg-2349-0\"  class=\"panel-grid panel-no-style\" ><div id=\"pgc-2349-0-0\"  class=\"panel-grid-cell\" ><div id=\"panel-2349-0-0-0\" class=\"so-panel widget widget_sow-editor panel-first-child\" data-index=\"0\" ><div\n\t\t\t\n\t\t\tclass=\"so-widget-sow-editor so-widget-sow-editor-base\"\n\t\t\t\n\t\t>\n<div class=\"siteorigin-widget-tinymce textwidget\">\n\t<p>Cliquez sur les vignettes pour voir chaque\u00a0sculpture et ses caract\u00e9ristiques.<\/p>\n<p>En\u00a0passant sur la grande image, vous activerez les fl\u00e8ches\u00a0\u00ab\u00a0suivant\u00a0\u00bb et \u00ab\u00a0pr\u00e9c\u00e9dent\u00a0\u00bb du diaporama de chaque \u0153uvre.<\/p>\n<p>&nbsp;<\/p>\n<p><\/p>\n<\/div>\n<\/div><\/div><div id=\"panel-2349-0-0-1\" class=\"so-panel widget widget_sow-post-carousel\" data-index=\"1\" ><div\n\t\t\t\n\t\t\tclass=\"so-widget-sow-post-carousel so-widget-sow-post-carousel-base-736f37432fd3-2349\"\n\t\t\t\n\t\t>\t<div\n\t\tclass=\"sow-post-carousel-wrapper sow-post-carousel-theme-base\"\n\t\tstyle=\"overflow: hidden; max-width: 100%; min-height: 150px\"\n\t>\n\t\t<div class=\"sow-carousel-title has-title\">\n\t<h3 class=\"widget-title\">Sculptures en terre cuite<\/h3>\t\t<div class=\"sow-carousel-navigation \">\n\t\t\t\t\t\t<a href=\"#\" class=\"sow-carousel-next\" title=\"Suivant\" aria-label=\"Next Posts\" role=\"button\"><\/a>\n\t\t\t\t\t\t<a href=\"#\" class=\"sow-carousel-previous\" title=\"Pr\u00e9c\u00e9dent\" aria-label=\"Previous Posts\" role=\"button\"><\/a>\n\t\t\t\t\t<\/div>\n\t<\/div>\n\n<div class=\"sow-carousel-container \">\n\t\t<div class=\"sow-carousel-wrapper\"\n\t\tdata-dir=\"ltr\"\n\t\tstyle=\"opacity: 0;\"\n\t\tdata-widget=\"post\" data-fetching=\"false\" data-page=\"1\" data-ajax-url=\"https:\/\/john-oscanlan.fr\/wp-admin\/admin-ajax.php?_widgets_nonce=81610970bf\" data-item_count=\"47\" data-carousel_settings=\"{&quot;loop&quot;:true,&quot;animation&quot;:&quot;ease&quot;,&quot;animation_speed&quot;:400,&quot;autoplay&quot;:&quot;off&quot;,&quot;pauseOnHover&quot;:&quot;&quot;,&quot;autoplaySpeed&quot;:8000,&quot;item_overflow&quot;:true,&quot;autoplay_continuous_scroll&quot;:false}\" data-responsive=\"{&quot;desktop_slides_to_scroll&quot;:5,&quot;tablet_landscape_breakpoint&quot;:1366,&quot;tablet_landscape_slides_to_scroll&quot;:5,&quot;tablet_portrait_breakpoint&quot;:1025,&quot;tablet_portrait_slides_to_scroll&quot;:5,&quot;mobile_breakpoint&quot;:480,&quot;mobile_slides_to_scroll&quot;:3}\" data-variable_width=\"true\" \t>\n\t\t<div\n\t\t\tclass=\"sow-carousel-items\"\n\t\t\t\t\t>\n\t\t\t\t<div class=\"sow-carousel-item\" tabindex=\"-1\" style=\"float: left;\">\n\t\t<div class=\"sow-carousel-thumbnail\">\n\t\t\t\t\t\t\t<a\n\t\t\t\t\thref=\"https:\/\/john-oscanlan.fr\/?p=1711\"\n\t\t\t\t\t\t\t\t\t\tstyle=\"background-image: url( https:\/\/john-oscanlan.fr\/wp-content\/uploads\/2018\/09\/Evolution-1-n-e1536972580706-150x150.jpg )\"\n\t\t\t\t\taria-labelledby=\"sow-carousel-id-1711\"\n\t\t\t\t\ttabindex=\"-1\"\n\t\t\t\t>\n\t\t\t\t\t<span class=\"overlay\"><\/span>\n\t\t\t\t<\/a>\n\t\t\t\t\t<\/div>\n\t\t<h3 class=\"sow-carousel-item-title\">\n\t\t\t<a\n\t\t\t\thref=\"https:\/\/john-oscanlan.fr\/?p=1711\"\n\t\t\t\tid=\"sow-carousel-id-1711\"\n\t\t\t\t\t\t\t\ttabindex=\"-1\"\n\t\t\t>\n\n\t\t\t\t(R)\u00e9volution ?\t\t\t<\/a>\n\t\t<\/h3>\n\t<\/div>\n\t\t<div class=\"sow-carousel-item\" tabindex=\"-1\" style=\"float: left;\">\n\t\t<div class=\"sow-carousel-thumbnail\">\n\t\t\t\t\t\t\t<a\n\t\t\t\t\thref=\"https:\/\/john-oscanlan.fr\/?p=122\"\n\t\t\t\t\t\t\t\t\t\tstyle=\"background-image: url( https:\/\/john-oscanlan.fr\/wp-content\/uploads\/2018\/08\/A-moiti\u00e9-folle-2-r-e1533562126515-150x150.jpg )\"\n\t\t\t\t\taria-labelledby=\"sow-carousel-id-122\"\n\t\t\t\t\ttabindex=\"-1\"\n\t\t\t\t>\n\t\t\t\t\t<span class=\"overlay\"><\/span>\n\t\t\t\t<\/a>\n\t\t\t\t\t<\/div>\n\t\t<h3 class=\"sow-carousel-item-title\">\n\t\t\t<a\n\t\t\t\thref=\"https:\/\/john-oscanlan.fr\/?p=122\"\n\t\t\t\tid=\"sow-carousel-id-122\"\n\t\t\t\t\t\t\t\ttabindex=\"-1\"\n\t\t\t>\n\n\t\t\t\tA moiti\u00e9 folle\t\t\t<\/a>\n\t\t<\/h3>\n\t<\/div>\n\t\t<div class=\"sow-carousel-item\" tabindex=\"-1\" style=\"float: left;\">\n\t\t<div class=\"sow-carousel-thumbnail\">\n\t\t\t\t\t\t\t<a\n\t\t\t\t\thref=\"https:\/\/john-oscanlan.fr\/?p=489\"\n\t\t\t\t\t\t\t\t\t\tstyle=\"background-image: url( https:\/\/john-oscanlan.fr\/wp-content\/uploads\/2018\/08\/Cadrecadre-moyen-cadre-sup\u00e9rieur-1-r-1-e1533638433740-150x150.jpg )\"\n\t\t\t\t\taria-labelledby=\"sow-carousel-id-489\"\n\t\t\t\t\ttabindex=\"-1\"\n\t\t\t\t>\n\t\t\t\t\t<span class=\"overlay\"><\/span>\n\t\t\t\t<\/a>\n\t\t\t\t\t<\/div>\n\t\t<h3 class=\"sow-carousel-item-title\">\n\t\t\t<a\n\t\t\t\thref=\"https:\/\/john-oscanlan.fr\/?p=489\"\n\t\t\t\tid=\"sow-carousel-id-489\"\n\t\t\t\t\t\t\t\ttabindex=\"-1\"\n\t\t\t>\n\n\t\t\t\tCadre,cadre moyen, cadre sup\u00e9rieur\t\t\t<\/a>\n\t\t<\/h3>\n\t<\/div>\n\t\t<div class=\"sow-carousel-item\" tabindex=\"-1\" style=\"float: left;\">\n\t\t<div class=\"sow-carousel-thumbnail\">\n\t\t\t\t\t\t\t<a\n\t\t\t\t\thref=\"https:\/\/john-oscanlan.fr\/?p=497\"\n\t\t\t\t\t\t\t\t\t\tstyle=\"background-image: url( https:\/\/john-oscanlan.fr\/wp-content\/uploads\/2018\/07\/Chacun-chez-soi-r-e1607818842280-150x150.jpg )\"\n\t\t\t\t\taria-labelledby=\"sow-carousel-id-497\"\n\t\t\t\t\ttabindex=\"-1\"\n\t\t\t\t>\n\t\t\t\t\t<span class=\"overlay\"><\/span>\n\t\t\t\t<\/a>\n\t\t\t\t\t<\/div>\n\t\t<h3 class=\"sow-carousel-item-title\">\n\t\t\t<a\n\t\t\t\thref=\"https:\/\/john-oscanlan.fr\/?p=497\"\n\t\t\t\tid=\"sow-carousel-id-497\"\n\t\t\t\t\t\t\t\ttabindex=\"-1\"\n\t\t\t>\n\n\t\t\t\tChacun chez soi\t\t\t<\/a>\n\t\t<\/h3>\n\t<\/div>\n\t\t<div class=\"sow-carousel-item\" tabindex=\"-1\" style=\"float: left;\">\n\t\t<div class=\"sow-carousel-thumbnail\">\n\t\t\t\t\t\t\t<a\n\t\t\t\t\thref=\"https:\/\/john-oscanlan.fr\/?p=299\"\n\t\t\t\t\t\t\t\t\t\tstyle=\"background-image: url( https:\/\/john-oscanlan.fr\/wp-content\/uploads\/2018\/07\/D\u00e9cadrage-1-r-e1533557833690-150x150.jpg )\"\n\t\t\t\t\taria-labelledby=\"sow-carousel-id-299\"\n\t\t\t\t\ttabindex=\"-1\"\n\t\t\t\t>\n\t\t\t\t\t<span class=\"overlay\"><\/span>\n\t\t\t\t<\/a>\n\t\t\t\t\t<\/div>\n\t\t<h3 class=\"sow-carousel-item-title\">\n\t\t\t<a\n\t\t\t\thref=\"https:\/\/john-oscanlan.fr\/?p=299\"\n\t\t\t\tid=\"sow-carousel-id-299\"\n\t\t\t\t\t\t\t\ttabindex=\"-1\"\n\t\t\t>\n\n\t\t\t\tD\u00e9cadrage\t\t\t<\/a>\n\t\t<\/h3>\n\t<\/div>\n\t\t<div class=\"sow-carousel-item\" tabindex=\"-1\" style=\"float: left;\">\n\t\t<div class=\"sow-carousel-thumbnail\">\n\t\t\t\t\t\t\t<a\n\t\t\t\t\thref=\"https:\/\/john-oscanlan.fr\/?p=157\"\n\t\t\t\t\t\t\t\t\t\tstyle=\"background-image: url( https:\/\/john-oscanlan.fr\/wp-content\/uploads\/2018\/07\/Droit-\u00e0-la-diff\u00e9rence-droit-\u00e0-lindiff\u00e9rence-1-r-e1533561486246-150x150.jpg )\"\n\t\t\t\t\taria-labelledby=\"sow-carousel-id-157\"\n\t\t\t\t\ttabindex=\"-1\"\n\t\t\t\t>\n\t\t\t\t\t<span class=\"overlay\"><\/span>\n\t\t\t\t<\/a>\n\t\t\t\t\t<\/div>\n\t\t<h3 class=\"sow-carousel-item-title\">\n\t\t\t<a\n\t\t\t\thref=\"https:\/\/john-oscanlan.fr\/?p=157\"\n\t\t\t\tid=\"sow-carousel-id-157\"\n\t\t\t\t\t\t\t\ttabindex=\"-1\"\n\t\t\t>\n\n\t\t\t\tDroit \u00e0 la diff\u00e9rence, droit \u00e0 l&rsquo;indiff\u00e9rence\t\t\t<\/a>\n\t\t<\/h3>\n\t<\/div>\n\t\t<div class=\"sow-carousel-item\" tabindex=\"-1\" style=\"float: left;\">\n\t\t<div class=\"sow-carousel-thumbnail\">\n\t\t\t\t\t\t\t<a\n\t\t\t\t\thref=\"https:\/\/john-oscanlan.fr\/?p=3386\"\n\t\t\t\t\t\t\t\t\t\tstyle=\"background-image: url( https:\/\/john-oscanlan.fr\/wp-content\/uploads\/2020\/10\/Emporte-pi\u00e8ces-5-1-e1602330602904-150x150.jpg )\"\n\t\t\t\t\taria-labelledby=\"sow-carousel-id-3386\"\n\t\t\t\t\ttabindex=\"-1\"\n\t\t\t\t>\n\t\t\t\t\t<span class=\"overlay\"><\/span>\n\t\t\t\t<\/a>\n\t\t\t\t\t<\/div>\n\t\t<h3 class=\"sow-carousel-item-title\">\n\t\t\t<a\n\t\t\t\thref=\"https:\/\/john-oscanlan.fr\/?p=3386\"\n\t\t\t\tid=\"sow-carousel-id-3386\"\n\t\t\t\t\t\t\t\ttabindex=\"-1\"\n\t\t\t>\n\n\t\t\t\tEmporte pi\u00e8ces\t\t\t<\/a>\n\t\t<\/h3>\n\t<\/div>\n\t\t<div class=\"sow-carousel-item\" tabindex=\"-1\" style=\"float: left;\">\n\t\t<div class=\"sow-carousel-thumbnail\">\n\t\t\t\t\t\t\t<a\n\t\t\t\t\thref=\"https:\/\/john-oscanlan.fr\/?p=527\"\n\t\t\t\t\t\t\t\t\t\tstyle=\"background-image: url( https:\/\/john-oscanlan.fr\/wp-content\/uploads\/2018\/08\/En-avant-la-musique-4-n-e1533640645845-150x150.jpg )\"\n\t\t\t\t\taria-labelledby=\"sow-carousel-id-527\"\n\t\t\t\t\ttabindex=\"-1\"\n\t\t\t\t>\n\t\t\t\t\t<span class=\"overlay\"><\/span>\n\t\t\t\t<\/a>\n\t\t\t\t\t<\/div>\n\t\t<h3 class=\"sow-carousel-item-title\">\n\t\t\t<a\n\t\t\t\thref=\"https:\/\/john-oscanlan.fr\/?p=527\"\n\t\t\t\tid=\"sow-carousel-id-527\"\n\t\t\t\t\t\t\t\ttabindex=\"-1\"\n\t\t\t>\n\n\t\t\t\tEn avant la musique &#8211; Glissando\t\t\t<\/a>\n\t\t<\/h3>\n\t<\/div>\n\t\t<div class=\"sow-carousel-item\" tabindex=\"-1\" style=\"float: left;\">\n\t\t<div class=\"sow-carousel-thumbnail\">\n\t\t\t\t\t\t\t<a\n\t\t\t\t\thref=\"https:\/\/john-oscanlan.fr\/?p=536\"\n\t\t\t\t\t\t\t\t\t\tstyle=\"background-image: url( https:\/\/john-oscanlan.fr\/wp-content\/uploads\/2018\/08\/Encha\u00eenements-4-r-e1533641063742-150x150.jpg )\"\n\t\t\t\t\taria-labelledby=\"sow-carousel-id-536\"\n\t\t\t\t\ttabindex=\"-1\"\n\t\t\t\t>\n\t\t\t\t\t<span class=\"overlay\"><\/span>\n\t\t\t\t<\/a>\n\t\t\t\t\t<\/div>\n\t\t<h3 class=\"sow-carousel-item-title\">\n\t\t\t<a\n\t\t\t\thref=\"https:\/\/john-oscanlan.fr\/?p=536\"\n\t\t\t\tid=\"sow-carousel-id-536\"\n\t\t\t\t\t\t\t\ttabindex=\"-1\"\n\t\t\t>\n\n\t\t\t\tEncha\u00eenements\t\t\t<\/a>\n\t\t<\/h3>\n\t<\/div>\n\t\t<div class=\"sow-carousel-item\" tabindex=\"-1\" style=\"float: left;\">\n\t\t<div class=\"sow-carousel-thumbnail\">\n\t\t\t\t\t\t\t<a\n\t\t\t\t\thref=\"https:\/\/john-oscanlan.fr\/?p=552\"\n\t\t\t\t\t\t\t\t\t\tstyle=\"background-image: url( https:\/\/john-oscanlan.fr\/wp-content\/uploads\/2018\/08\/Fen\u00eatre-sur..-6-r-e1533642262253-150x150.jpg )\"\n\t\t\t\t\taria-labelledby=\"sow-carousel-id-552\"\n\t\t\t\t\ttabindex=\"-1\"\n\t\t\t\t>\n\t\t\t\t\t<span class=\"overlay\"><\/span>\n\t\t\t\t<\/a>\n\t\t\t\t\t<\/div>\n\t\t<h3 class=\"sow-carousel-item-title\">\n\t\t\t<a\n\t\t\t\thref=\"https:\/\/john-oscanlan.fr\/?p=552\"\n\t\t\t\tid=\"sow-carousel-id-552\"\n\t\t\t\t\t\t\t\ttabindex=\"-1\"\n\t\t\t>\n\n\t\t\t\tFen\u00eatres sur&#8230;\t\t\t<\/a>\n\t\t<\/h3>\n\t<\/div>\n\t\t\t<\/div>\n\t\t\t<\/div>\n\n\t<\/div>\n\t\t<input type=\"hidden\" name=\"instance_hash\" value=\"4b628f42\"\/>\n\t<\/div>\n<\/div><\/div><div id=\"panel-2349-0-0-2\" class=\"so-panel widget widget_sow-post-carousel panel-last-child\" data-index=\"2\" ><div\n\t\t\t\n\t\t\tclass=\"so-widget-sow-post-carousel so-widget-sow-post-carousel-base-4578379fc7b4-552\"\n\t\t\t\n\t\t>\t<div\n\t\tclass=\"sow-post-carousel-wrapper sow-post-carousel-theme-base\"\n\t\tstyle=\"overflow: hidden; max-width: 100%; min-height: 150px\"\n\t>\n\t\t<div class=\"sow-carousel-title has-title\">\n\t<h3 class=\"widget-title\">Bronzes<\/h3>\t\t<div class=\"sow-carousel-navigation \">\n\t\t\t\t\t\t<a href=\"#\" class=\"sow-carousel-next\" title=\"Suivant\" aria-label=\"Next Posts\" role=\"button\"><\/a>\n\t\t\t\t\t\t<a href=\"#\" class=\"sow-carousel-previous\" title=\"Pr\u00e9c\u00e9dent\" aria-label=\"Previous Posts\" role=\"button\"><\/a>\n\t\t\t\t\t<\/div>\n\t<\/div>\n\n<div class=\"sow-carousel-container \">\n\t\t<div class=\"sow-carousel-wrapper\"\n\t\tdata-dir=\"ltr\"\n\t\tstyle=\"opacity: 0;\"\n\t\tdata-widget=\"post\" data-fetching=\"false\" data-page=\"1\" data-ajax-url=\"https:\/\/john-oscanlan.fr\/wp-admin\/admin-ajax.php?_widgets_nonce=81610970bf\" data-item_count=\"11\" data-carousel_settings=\"{&quot;loop&quot;:true,&quot;animation&quot;:&quot;ease&quot;,&quot;animation_speed&quot;:400,&quot;autoplay&quot;:&quot;off&quot;,&quot;pauseOnHover&quot;:&quot;&quot;,&quot;autoplaySpeed&quot;:8000,&quot;item_overflow&quot;:true,&quot;autoplay_continuous_scroll&quot;:false}\" data-responsive=\"{&quot;desktop_slides_to_scroll&quot;:5,&quot;tablet_landscape_breakpoint&quot;:1366,&quot;tablet_landscape_slides_to_scroll&quot;:5,&quot;tablet_portrait_breakpoint&quot;:1025,&quot;tablet_portrait_slides_to_scroll&quot;:5,&quot;mobile_breakpoint&quot;:480,&quot;mobile_slides_to_scroll&quot;:3}\" data-variable_width=\"true\" \t>\n\t\t<div\n\t\t\tclass=\"sow-carousel-items\"\n\t\t\t\t\t>\n\t\t\t\t<div class=\"sow-carousel-item\" tabindex=\"-1\" style=\"float: left;\">\n\t\t<div class=\"sow-carousel-thumbnail\">\n\t\t\t\t\t\t\t<a\n\t\t\t\t\thref=\"https:\/\/john-oscanlan.fr\/?p=4215\"\n\t\t\t\t\t\t\t\t\t\tstyle=\"background-image: url( https:\/\/john-oscanlan.fr\/wp-content\/uploads\/2021\/10\/A-corps-perdu-compress\u00e9-1-e1710461636189-150x150.jpg )\"\n\t\t\t\t\taria-labelledby=\"sow-carousel-id-4215\"\n\t\t\t\t\ttabindex=\"-1\"\n\t\t\t\t>\n\t\t\t\t\t<span class=\"overlay\"><\/span>\n\t\t\t\t<\/a>\n\t\t\t\t\t<\/div>\n\t\t<h3 class=\"sow-carousel-item-title\">\n\t\t\t<a\n\t\t\t\thref=\"https:\/\/john-oscanlan.fr\/?p=4215\"\n\t\t\t\tid=\"sow-carousel-id-4215\"\n\t\t\t\t\t\t\t\ttabindex=\"-1\"\n\t\t\t>\n\n\t\t\t\tA corps perdu\t\t\t<\/a>\n\t\t<\/h3>\n\t<\/div>\n\t\t<div class=\"sow-carousel-item\" tabindex=\"-1\" style=\"float: left;\">\n\t\t<div class=\"sow-carousel-thumbnail\">\n\t\t\t\t\t\t\t<a\n\t\t\t\t\thref=\"https:\/\/john-oscanlan.fr\/?p=1311\"\n\t\t\t\t\t\t\t\t\t\tstyle=\"background-image: url( https:\/\/john-oscanlan.fr\/wp-content\/uploads\/2018\/08\/En-avant-la-musique-glissando-1-e1535220046199-150x150.jpg )\"\n\t\t\t\t\taria-labelledby=\"sow-carousel-id-1311\"\n\t\t\t\t\ttabindex=\"-1\"\n\t\t\t\t>\n\t\t\t\t\t<span class=\"overlay\"><\/span>\n\t\t\t\t<\/a>\n\t\t\t\t\t<\/div>\n\t\t<h3 class=\"sow-carousel-item-title\">\n\t\t\t<a\n\t\t\t\thref=\"https:\/\/john-oscanlan.fr\/?p=1311\"\n\t\t\t\tid=\"sow-carousel-id-1311\"\n\t\t\t\t\t\t\t\ttabindex=\"-1\"\n\t\t\t>\n\n\t\t\t\tEn avant la musique &#8211; glissando\t\t\t<\/a>\n\t\t<\/h3>\n\t<\/div>\n\t\t<div class=\"sow-carousel-item\" tabindex=\"-1\" style=\"float: left;\">\n\t\t<div class=\"sow-carousel-thumbnail\">\n\t\t\t\t\t\t\t<a\n\t\t\t\t\thref=\"https:\/\/john-oscanlan.fr\/?p=305\"\n\t\t\t\t\t\t\t\t\t\tstyle=\"background-image: url( https:\/\/john-oscanlan.fr\/wp-content\/uploads\/2018\/08\/Haute-id\u00e9e-fixe-1a-16bitsn-e1533562497326-150x150.jpg )\"\n\t\t\t\t\taria-labelledby=\"sow-carousel-id-305\"\n\t\t\t\t\ttabindex=\"-1\"\n\t\t\t\t>\n\t\t\t\t\t<span class=\"overlay\"><\/span>\n\t\t\t\t<\/a>\n\t\t\t\t\t<\/div>\n\t\t<h3 class=\"sow-carousel-item-title\">\n\t\t\t<a\n\t\t\t\thref=\"https:\/\/john-oscanlan.fr\/?p=305\"\n\t\t\t\tid=\"sow-carousel-id-305\"\n\t\t\t\t\t\t\t\ttabindex=\"-1\"\n\t\t\t>\n\n\t\t\t\tHaute id\u00e9e fixe\t\t\t<\/a>\n\t\t<\/h3>\n\t<\/div>\n\t\t<div class=\"sow-carousel-item\" tabindex=\"-1\" style=\"float: left;\">\n\t\t<div class=\"sow-carousel-thumbnail\">\n\t\t\t\t\t\t\t<a\n\t\t\t\t\thref=\"https:\/\/john-oscanlan.fr\/?p=295\"\n\t\t\t\t\t\t\t\t\t\tstyle=\"background-image: url( https:\/\/john-oscanlan.fr\/wp-content\/uploads\/2018\/08\/La-fleur-des-m\u00e2les-Bronze-1-rn-1-e1533591768950-150x150.jpg )\"\n\t\t\t\t\taria-labelledby=\"sow-carousel-id-295\"\n\t\t\t\t\ttabindex=\"-1\"\n\t\t\t\t>\n\t\t\t\t\t<span class=\"overlay\"><\/span>\n\t\t\t\t<\/a>\n\t\t\t\t\t<\/div>\n\t\t<h3 class=\"sow-carousel-item-title\">\n\t\t\t<a\n\t\t\t\thref=\"https:\/\/john-oscanlan.fr\/?p=295\"\n\t\t\t\tid=\"sow-carousel-id-295\"\n\t\t\t\t\t\t\t\ttabindex=\"-1\"\n\t\t\t>\n\n\t\t\t\tLa fleur des m\u00e2les\t\t\t<\/a>\n\t\t<\/h3>\n\t<\/div>\n\t\t<div class=\"sow-carousel-item\" tabindex=\"-1\" style=\"float: left;\">\n\t\t<div class=\"sow-carousel-thumbnail\">\n\t\t\t\t\t\t\t<a\n\t\t\t\t\thref=\"https:\/\/john-oscanlan.fr\/?p=618\"\n\t\t\t\t\t\t\t\t\t\tstyle=\"background-image: url( https:\/\/john-oscanlan.fr\/wp-content\/uploads\/2018\/08\/Les-penseurs-dairain-1-r-e1533650726439-150x150.jpg )\"\n\t\t\t\t\taria-labelledby=\"sow-carousel-id-618\"\n\t\t\t\t\ttabindex=\"-1\"\n\t\t\t\t>\n\t\t\t\t\t<span class=\"overlay\"><\/span>\n\t\t\t\t<\/a>\n\t\t\t\t\t<\/div>\n\t\t<h3 class=\"sow-carousel-item-title\">\n\t\t\t<a\n\t\t\t\thref=\"https:\/\/john-oscanlan.fr\/?p=618\"\n\t\t\t\tid=\"sow-carousel-id-618\"\n\t\t\t\t\t\t\t\ttabindex=\"-1\"\n\t\t\t>\n\n\t\t\t\tLes penseurs d&rsquo;airain\t\t\t<\/a>\n\t\t<\/h3>\n\t<\/div>\n\t\t<div class=\"sow-carousel-item\" tabindex=\"-1\" style=\"float: left;\">\n\t\t<div class=\"sow-carousel-thumbnail\">\n\t\t\t\t\t\t\t<a\n\t\t\t\t\thref=\"https:\/\/john-oscanlan.fr\/?p=695\"\n\t\t\t\t\t\t\t\t\t\tstyle=\"background-image: url( https:\/\/john-oscanlan.fr\/wp-content\/uploads\/2018\/08\/Lettre-damour-Bronze-2a-rn-e1533659214832-150x150.jpg )\"\n\t\t\t\t\taria-labelledby=\"sow-carousel-id-695\"\n\t\t\t\t\ttabindex=\"-1\"\n\t\t\t\t>\n\t\t\t\t\t<span class=\"overlay\"><\/span>\n\t\t\t\t<\/a>\n\t\t\t\t\t<\/div>\n\t\t<h3 class=\"sow-carousel-item-title\">\n\t\t\t<a\n\t\t\t\thref=\"https:\/\/john-oscanlan.fr\/?p=695\"\n\t\t\t\tid=\"sow-carousel-id-695\"\n\t\t\t\t\t\t\t\ttabindex=\"-1\"\n\t\t\t>\n\n\t\t\t\tLettre d&rsquo;amour\t\t\t<\/a>\n\t\t<\/h3>\n\t<\/div>\n\t\t<div class=\"sow-carousel-item\" tabindex=\"-1\" style=\"float: left;\">\n\t\t<div class=\"sow-carousel-thumbnail\">\n\t\t\t\t\t\t\t<a\n\t\t\t\t\thref=\"https:\/\/john-oscanlan.fr\/?p=728\"\n\t\t\t\t\t\t\t\t\t\tstyle=\"background-image: url( https:\/\/john-oscanlan.fr\/wp-content\/uploads\/2018\/08\/Mais-o\u00f9-est-le-bouton-r-e1533683305985-150x150.jpg )\"\n\t\t\t\t\taria-labelledby=\"sow-carousel-id-728\"\n\t\t\t\t\ttabindex=\"-1\"\n\t\t\t\t>\n\t\t\t\t\t<span class=\"overlay\"><\/span>\n\t\t\t\t<\/a>\n\t\t\t\t\t<\/div>\n\t\t<h3 class=\"sow-carousel-item-title\">\n\t\t\t<a\n\t\t\t\thref=\"https:\/\/john-oscanlan.fr\/?p=728\"\n\t\t\t\tid=\"sow-carousel-id-728\"\n\t\t\t\t\t\t\t\ttabindex=\"-1\"\n\t\t\t>\n\n\t\t\t\tMais o\u00f9 est le bouton ?\t\t\t<\/a>\n\t\t<\/h3>\n\t<\/div>\n\t\t<div class=\"sow-carousel-item\" tabindex=\"-1\" style=\"float: left;\">\n\t\t<div class=\"sow-carousel-thumbnail\">\n\t\t\t\t\t\t\t<a\n\t\t\t\t\thref=\"https:\/\/john-oscanlan.fr\/?p=475\"\n\t\t\t\t\t\t\t\t\t\tstyle=\"background-image: url( https:\/\/john-oscanlan.fr\/wp-content\/uploads\/2018\/08\/Mariage-freudien-Bronze-6-rn-e1533635655935-150x150.jpg )\"\n\t\t\t\t\taria-labelledby=\"sow-carousel-id-475\"\n\t\t\t\t\ttabindex=\"-1\"\n\t\t\t\t>\n\t\t\t\t\t<span class=\"overlay\"><\/span>\n\t\t\t\t<\/a>\n\t\t\t\t\t<\/div>\n\t\t<h3 class=\"sow-carousel-item-title\">\n\t\t\t<a\n\t\t\t\thref=\"https:\/\/john-oscanlan.fr\/?p=475\"\n\t\t\t\tid=\"sow-carousel-id-475\"\n\t\t\t\t\t\t\t\ttabindex=\"-1\"\n\t\t\t>\n\n\t\t\t\tMariage freudien\t\t\t<\/a>\n\t\t<\/h3>\n\t<\/div>\n\t\t<div class=\"sow-carousel-item\" tabindex=\"-1\" style=\"float: left;\">\n\t\t<div class=\"sow-carousel-thumbnail\">\n\t\t\t\t\t\t\t<a\n\t\t\t\t\thref=\"https:\/\/john-oscanlan.fr\/?p=741\"\n\t\t\t\t\t\t\t\t\t\tstyle=\"background-image: url( https:\/\/john-oscanlan.fr\/wp-content\/uploads\/2018\/08\/Naissance-dun-cadre-n-e1533684675338-150x150.jpg )\"\n\t\t\t\t\taria-labelledby=\"sow-carousel-id-741\"\n\t\t\t\t\ttabindex=\"-1\"\n\t\t\t\t>\n\t\t\t\t\t<span class=\"overlay\"><\/span>\n\t\t\t\t<\/a>\n\t\t\t\t\t<\/div>\n\t\t<h3 class=\"sow-carousel-item-title\">\n\t\t\t<a\n\t\t\t\thref=\"https:\/\/john-oscanlan.fr\/?p=741\"\n\t\t\t\tid=\"sow-carousel-id-741\"\n\t\t\t\t\t\t\t\ttabindex=\"-1\"\n\t\t\t>\n\n\t\t\t\tNaissance d&rsquo;un cadre\t\t\t<\/a>\n\t\t<\/h3>\n\t<\/div>\n\t\t<div class=\"sow-carousel-item\" tabindex=\"-1\" style=\"float: left;\">\n\t\t<div class=\"sow-carousel-thumbnail\">\n\t\t\t\t\t\t\t<a\n\t\t\t\t\thref=\"https:\/\/john-oscanlan.fr\/?p=441\"\n\t\t\t\t\t\t\t\t\t\tstyle=\"background-image: url( https:\/\/john-oscanlan.fr\/wp-content\/uploads\/2018\/08\/Pi\u00e8ce-mont\u00e9e-2-rn-e1533590218720-150x150.jpg )\"\n\t\t\t\t\taria-labelledby=\"sow-carousel-id-441\"\n\t\t\t\t\ttabindex=\"-1\"\n\t\t\t\t>\n\t\t\t\t\t<span class=\"overlay\"><\/span>\n\t\t\t\t<\/a>\n\t\t\t\t\t<\/div>\n\t\t<h3 class=\"sow-carousel-item-title\">\n\t\t\t<a\n\t\t\t\thref=\"https:\/\/john-oscanlan.fr\/?p=441\"\n\t\t\t\tid=\"sow-carousel-id-441\"\n\t\t\t\t\t\t\t\ttabindex=\"-1\"\n\t\t\t>\n\n\t\t\t\tPi\u00e8ce mont\u00e9e\t\t\t<\/a>\n\t\t<\/h3>\n\t<\/div>\n\t\t\t<\/div>\n\t\t\t<\/div>\n\n\t<\/div>\n\t\t<input type=\"hidden\" name=\"instance_hash\" value=\"bce288ee\"\/>\n\t<\/div>\n<\/div><\/div><\/div><\/div><\/div>","protected":false},"excerpt":{"rendered":"<p>Cliquez sur les vignettes pour voir chaque\u00a0sculpture et ses caract\u00e9ristiques. En\u00a0passant sur la grande image, vous activerez les fl\u00e8ches\u00a0\u00ab\u00a0suivant\u00a0\u00bb et \u00ab\u00a0pr\u00e9c\u00e9dent\u00a0\u00bb du diaporama de chaque \u0153uvre. &nbsp;<\/p>\n","protected":false},"author":2,"featured_media":0,"parent":0,"menu_order":0,"comment_status":"closed","ping_status":"closed","template":"","meta":{"_sitemap_exclude":false,"_sitemap_priority":"","_sitemap_frequency":"","footnotes":""},"class_list":["post-2349","page","type-page","status-publish","hentry"],"yoast_head":"<!-- This site is optimized with the Yoast SEO plugin v27.1.1 - https:\/\/yoast.com\/product\/yoast-seo-wordpress\/ -->\n<title>Sculptures - John O&#039;SCANLAN - \u0153uvres<\/title>\n<meta name=\"robots\" content=\"index, follow, max-snippet:-1, max-image-preview:large, max-video-preview:-1\" \/>\n<link rel=\"canonical\" href=\"https:\/\/john-oscanlan.fr\/?page_id=2349\" \/>\n<meta property=\"og:locale\" content=\"fr_FR\" \/>\n<meta property=\"og:type\" content=\"article\" \/>\n<meta property=\"og:title\" content=\"Sculptures - John O&#039;SCANLAN - \u0153uvres\" \/>\n<meta property=\"og:description\" content=\"Cliquez sur les vignettes pour voir chaque\u00a0sculpture et ses caract\u00e9ristiques. En\u00a0passant sur la grande image, vous activerez les fl\u00e8ches\u00a0\u00ab\u00a0suivant\u00a0\u00bb et \u00ab\u00a0pr\u00e9c\u00e9dent\u00a0\u00bb du diaporama de chaque \u0153uvre. &nbsp;\" \/>\n<meta property=\"og:url\" content=\"https:\/\/john-oscanlan.fr\/?page_id=2349\" \/>\n<meta property=\"og:site_name\" content=\"John O&#039;SCANLAN - \u0153uvres\" \/>\n<meta property=\"article:modified_time\" content=\"2026-02-06T00:26:28+00:00\" \/>\n<meta name=\"twitter:card\" content=\"summary_large_image\" \/>\n<meta name=\"twitter:label1\" content=\"Dur\u00e9e de lecture estim\u00e9e\" \/>\n\t<meta name=\"twitter:data1\" content=\"1 minute\" \/>\n<script type=\"application\/ld+json\" class=\"yoast-schema-graph\">{\"@context\":\"https:\/\/schema.org\",\"@graph\":[{\"@type\":\"WebPage\",\"@id\":\"https:\/\/john-oscanlan.fr\/?page_id=2349\",\"url\":\"https:\/\/john-oscanlan.fr\/?page_id=2349\",\"name\":\"Sculptures - John O&#039;SCANLAN - \u0153uvres\",\"isPartOf\":{\"@id\":\"https:\/\/john-oscanlan.fr\/#website\"},\"datePublished\":\"2020-06-02T17:48:02+00:00\",\"dateModified\":\"2026-02-06T00:26:28+00:00\",\"breadcrumb\":{\"@id\":\"https:\/\/john-oscanlan.fr\/?page_id=2349#breadcrumb\"},\"inLanguage\":\"fr-FR\",\"potentialAction\":[{\"@type\":\"ReadAction\",\"target\":[\"https:\/\/john-oscanlan.fr\/?page_id=2349\"]}]},{\"@type\":\"BreadcrumbList\",\"@id\":\"https:\/\/john-oscanlan.fr\/?page_id=2349#breadcrumb\",\"itemListElement\":[{\"@type\":\"ListItem\",\"position\":1,\"name\":\"Accueil\",\"item\":\"https:\/\/john-oscanlan.fr\/\"},{\"@type\":\"ListItem\",\"position\":2,\"name\":\"Sculptures\"}]},{\"@type\":\"WebSite\",\"@id\":\"https:\/\/john-oscanlan.fr\/#website\",\"url\":\"https:\/\/john-oscanlan.fr\/\",\"name\":\"John O'SCANLAN\",\"description\":\"Dessins, sculptures et textes.\",\"potentialAction\":[{\"@type\":\"SearchAction\",\"target\":{\"@type\":\"EntryPoint\",\"urlTemplate\":\"https:\/\/john-oscanlan.fr\/?s={search_term_string}\"},\"query-input\":{\"@type\":\"PropertyValueSpecification\",\"valueRequired\":true,\"valueName\":\"search_term_string\"}}],\"inLanguage\":\"fr-FR\"}]}<\/script>\n<!-- \/ Yoast SEO plugin. -->","yoast_head_json":{"title":"Sculptures - John O&#039;SCANLAN - \u0153uvres","robots":{"index":"index","follow":"follow","max-snippet":"max-snippet:-1","max-image-preview":"max-image-preview:large","max-video-preview":"max-video-preview:-1"},"canonical":"https:\/\/john-oscanlan.fr\/?page_id=2349","og_locale":"fr_FR","og_type":"article","og_title":"Sculptures - John O&#039;SCANLAN - \u0153uvres","og_description":"Cliquez sur les vignettes pour voir chaque\u00a0sculpture et ses caract\u00e9ristiques. En\u00a0passant sur la grande image, vous activerez les fl\u00e8ches\u00a0\u00ab\u00a0suivant\u00a0\u00bb et \u00ab\u00a0pr\u00e9c\u00e9dent\u00a0\u00bb du diaporama de chaque \u0153uvre. &nbsp;","og_url":"https:\/\/john-oscanlan.fr\/?page_id=2349","og_site_name":"John O&#039;SCANLAN - \u0153uvres","article_modified_time":"2026-02-06T00:26:28+00:00","twitter_card":"summary_large_image","twitter_misc":{"Dur\u00e9e de lecture estim\u00e9e":"1 minute"},"schema":{"@context":"https:\/\/schema.org","@graph":[{"@type":"WebPage","@id":"https:\/\/john-oscanlan.fr\/?page_id=2349","url":"https:\/\/john-oscanlan.fr\/?page_id=2349","name":"Sculptures - John O&#039;SCANLAN - \u0153uvres","isPartOf":{"@id":"https:\/\/john-oscanlan.fr\/#website"},"datePublished":"2020-06-02T17:48:02+00:00","dateModified":"2026-02-06T00:26:28+00:00","breadcrumb":{"@id":"https:\/\/john-oscanlan.fr\/?page_id=2349#breadcrumb"},"inLanguage":"fr-FR","potentialAction":[{"@type":"ReadAction","target":["https:\/\/john-oscanlan.fr\/?page_id=2349"]}]},{"@type":"BreadcrumbList","@id":"https:\/\/john-oscanlan.fr\/?page_id=2349#breadcrumb","itemListElement":[{"@type":"ListItem","position":1,"name":"Accueil","item":"https:\/\/john-oscanlan.fr\/"},{"@type":"ListItem","position":2,"name":"Sculptures"}]},{"@type":"WebSite","@id":"https:\/\/john-oscanlan.fr\/#website","url":"https:\/\/john-oscanlan.fr\/","name":"John O'SCANLAN","description":"Dessins, sculptures et textes.","potentialAction":[{"@type":"SearchAction","target":{"@type":"EntryPoint","urlTemplate":"https:\/\/john-oscanlan.fr\/?s={search_term_string}"},"query-input":{"@type":"PropertyValueSpecification","valueRequired":true,"valueName":"search_term_string"}}],"inLanguage":"fr-FR"}]}},"_links":{"self":[{"href":"https:\/\/john-oscanlan.fr\/index.php?rest_route=\/wp\/v2\/pages\/2349","targetHints":{"allow":["GET"]}}],"collection":[{"href":"https:\/\/john-oscanlan.fr\/index.php?rest_route=\/wp\/v2\/pages"}],"about":[{"href":"https:\/\/john-oscanlan.fr\/index.php?rest_route=\/wp\/v2\/types\/page"}],"author":[{"embeddable":true,"href":"https:\/\/john-oscanlan.fr\/index.php?rest_route=\/wp\/v2\/users\/2"}],"replies":[{"embeddable":true,"href":"https:\/\/john-oscanlan.fr\/index.php?rest_route=%2Fwp%2Fv2%2Fcomments&post=2349"}],"version-history":[{"count":5,"href":"https:\/\/john-oscanlan.fr\/index.php?rest_route=\/wp\/v2\/pages\/2349\/revisions"}],"predecessor-version":[{"id":4711,"href":"https:\/\/john-oscanlan.fr\/index.php?rest_route=\/wp\/v2\/pages\/2349\/revisions\/4711"}],"wp:attachment":[{"href":"https:\/\/john-oscanlan.fr\/index.php?rest_route=%2Fwp%2Fv2%2Fmedia&parent=2349"}],"curies":[{"name":"wp","href":"https:\/\/api.w.org\/{rel}","templated":true}]}}