{"id":18,"date":"2018-07-27T20:26:57","date_gmt":"2018-07-27T18:26:57","guid":{"rendered":"http:\/\/john-oscanlan.fr\/?page_id=18"},"modified":"2026-02-02T02:05:48","modified_gmt":"2026-02-02T01:05:48","slug":"accueil","status":"publish","type":"page","link":"https:\/\/john-oscanlan.fr\/","title":{"rendered":"Accueil"},"content":{"rendered":"<div id=\"pl-18\"  class=\"panel-layout\" ><div id=\"pg-18-0\"  class=\"panel-grid panel-no-style\" ><div id=\"pgc-18-0-0\"  class=\"panel-grid-cell\" ><div id=\"panel-18-0-0-0\" class=\"so-panel widget widget_text panel-first-child panel-last-child\" data-index=\"0\" ><h3 class=\"widget-title\">Diff\u00e9rentes rubriques du site<\/h3>\t\t\t<div class=\"textwidget\"><p>Dessins \u00e0 la plume ou au crayon de couleur de tendance surr\u00e9aliste ou symboliste.<\/p>\n<p>Etudes acad\u00e9miques \u00e0 la mine de plomb et crayon blanc sur papier teint\u00e9, d\u2019apr\u00e8s mod\u00e8les vivants parfois replac\u00e9s dans un contexte imaginaire.<\/p>\n<p>Sculptures en argile model\u00e9e,\u00a0cuite puis\u00a0cir\u00e9e ou patin\u00e9e dont certaines sont les mod\u00e8les de tirages en bronze\u00a0authentiques num\u00e9rot\u00e9s de 1\/8 \u00e0 8\/8.<\/p>\n<p>Quelques images du travail d&rsquo;atelier.<\/p>\n<p>Textes po\u00e9tiques associ\u00e9s \u00e0 certaines sculptures et textes libres.<\/p>\n<\/div>\n\t\t<\/div><\/div><\/div><\/div>","protected":false},"excerpt":{"rendered":"<p>Dessins \u00e0 la plume ou au crayon de couleur de tendance surr\u00e9aliste ou symboliste. Etudes acad\u00e9miques \u00e0 la mine de plomb et crayon blanc sur papier teint\u00e9, d\u2019apr\u00e8s mod\u00e8les vivants parfois replac\u00e9s dans un contexte imaginaire. Sculptures en argile model\u00e9e,\u00a0cuite puis\u00a0cir\u00e9e ou patin\u00e9e dont certaines sont les mod\u00e8les de tirages en bronze\u00a0authentiques num\u00e9rot\u00e9s de 1\/8 &hellip; <\/p>\n<p class=\"link-more\"><a href=\"https:\/\/john-oscanlan.fr\/\" class=\"more-link\">Continuer la lecture<span class=\"screen-reader-text\"> de &laquo;&nbsp;Accueil&nbsp;&raquo;<\/span><\/a><\/p>\n","protected":false},"author":2,"featured_media":0,"parent":0,"menu_order":0,"comment_status":"closed","ping_status":"closed","template":"","meta":{"_sitemap_exclude":false,"_sitemap_priority":"","_sitemap_frequency":"","footnotes":""},"class_list":["post-18","page","type-page","status-publish","hentry"],"yoast_head":"<!-- This site is optimized with the Yoast SEO plugin v27.1.1 - https:\/\/yoast.com\/product\/yoast-seo-wordpress\/ -->\n<title>Accueil - John O&#039;SCANLAN - \u0153uvres<\/title>\n<meta name=\"robots\" content=\"index, follow, max-snippet:-1, max-image-preview:large, max-video-preview:-1\" \/>\n<link rel=\"canonical\" href=\"https:\/\/john-oscanlan.fr\/\" \/>\n<meta property=\"og:locale\" content=\"fr_FR\" \/>\n<meta property=\"og:type\" content=\"article\" \/>\n<meta property=\"og:title\" content=\"Accueil - John O&#039;SCANLAN - \u0153uvres\" \/>\n<meta property=\"og:description\" content=\"Dessins \u00e0 la plume ou au crayon de couleur de tendance surr\u00e9aliste ou symboliste. Etudes acad\u00e9miques \u00e0 la mine de plomb et crayon blanc sur papier teint\u00e9, d\u2019apr\u00e8s mod\u00e8les vivants parfois replac\u00e9s dans un contexte imaginaire. Sculptures en argile model\u00e9e,\u00a0cuite puis\u00a0cir\u00e9e ou patin\u00e9e dont certaines sont les mod\u00e8les de tirages en bronze\u00a0authentiques num\u00e9rot\u00e9s de 1\/8 &hellip; Continuer la lecture de &laquo;&nbsp;Accueil&nbsp;&raquo;\" \/>\n<meta property=\"og:url\" content=\"https:\/\/john-oscanlan.fr\/\" \/>\n<meta property=\"og:site_name\" content=\"John O&#039;SCANLAN - \u0153uvres\" \/>\n<meta property=\"article:modified_time\" content=\"2026-02-02T01:05:48+00:00\" \/>\n<meta name=\"twitter:card\" content=\"summary_large_image\" \/>\n<meta name=\"twitter:label1\" content=\"Dur\u00e9e de lecture estim\u00e9e\" \/>\n\t<meta name=\"twitter:data1\" content=\"1 minute\" \/>\n<script type=\"application\/ld+json\" class=\"yoast-schema-graph\">{\"@context\":\"https:\/\/schema.org\",\"@graph\":[{\"@type\":\"WebPage\",\"@id\":\"https:\/\/john-oscanlan.fr\/\",\"url\":\"https:\/\/john-oscanlan.fr\/\",\"name\":\"Accueil - John O&#039;SCANLAN - \u0153uvres\",\"isPartOf\":{\"@id\":\"https:\/\/john-oscanlan.fr\/#website\"},\"datePublished\":\"2018-07-27T18:26:57+00:00\",\"dateModified\":\"2026-02-02T01:05:48+00:00\",\"breadcrumb\":{\"@id\":\"https:\/\/john-oscanlan.fr\/#breadcrumb\"},\"inLanguage\":\"fr-FR\",\"potentialAction\":[{\"@type\":\"ReadAction\",\"target\":[\"https:\/\/john-oscanlan.fr\/\"]}]},{\"@type\":\"BreadcrumbList\",\"@id\":\"https:\/\/john-oscanlan.fr\/#breadcrumb\",\"itemListElement\":[{\"@type\":\"ListItem\",\"position\":1,\"name\":\"Accueil\",\"item\":\"https:\/\/john-oscanlan.fr\/\"},{\"@type\":\"ListItem\",\"position\":2,\"name\":\"Accueil\"}]},{\"@type\":\"WebSite\",\"@id\":\"https:\/\/john-oscanlan.fr\/#website\",\"url\":\"https:\/\/john-oscanlan.fr\/\",\"name\":\"John O'SCANLAN\",\"description\":\"Dessins, sculptures et textes.\",\"potentialAction\":[{\"@type\":\"SearchAction\",\"target\":{\"@type\":\"EntryPoint\",\"urlTemplate\":\"https:\/\/john-oscanlan.fr\/?s={search_term_string}\"},\"query-input\":{\"@type\":\"PropertyValueSpecification\",\"valueRequired\":true,\"valueName\":\"search_term_string\"}}],\"inLanguage\":\"fr-FR\"}]}<\/script>\n<!-- \/ Yoast SEO plugin. -->","yoast_head_json":{"title":"Accueil - John O&#039;SCANLAN - \u0153uvres","robots":{"index":"index","follow":"follow","max-snippet":"max-snippet:-1","max-image-preview":"max-image-preview:large","max-video-preview":"max-video-preview:-1"},"canonical":"https:\/\/john-oscanlan.fr\/","og_locale":"fr_FR","og_type":"article","og_title":"Accueil - John O&#039;SCANLAN - \u0153uvres","og_description":"Dessins \u00e0 la plume ou au crayon de couleur de tendance surr\u00e9aliste ou symboliste. Etudes acad\u00e9miques \u00e0 la mine de plomb et crayon blanc sur papier teint\u00e9, d\u2019apr\u00e8s mod\u00e8les vivants parfois replac\u00e9s dans un contexte imaginaire. Sculptures en argile model\u00e9e,\u00a0cuite puis\u00a0cir\u00e9e ou patin\u00e9e dont certaines sont les mod\u00e8les de tirages en bronze\u00a0authentiques num\u00e9rot\u00e9s de 1\/8 &hellip; Continuer la lecture de &laquo;&nbsp;Accueil&nbsp;&raquo;","og_url":"https:\/\/john-oscanlan.fr\/","og_site_name":"John O&#039;SCANLAN - \u0153uvres","article_modified_time":"2026-02-02T01:05:48+00:00","twitter_card":"summary_large_image","twitter_misc":{"Dur\u00e9e de lecture estim\u00e9e":"1 minute"},"schema":{"@context":"https:\/\/schema.org","@graph":[{"@type":"WebPage","@id":"https:\/\/john-oscanlan.fr\/","url":"https:\/\/john-oscanlan.fr\/","name":"Accueil - John O&#039;SCANLAN - \u0153uvres","isPartOf":{"@id":"https:\/\/john-oscanlan.fr\/#website"},"datePublished":"2018-07-27T18:26:57+00:00","dateModified":"2026-02-02T01:05:48+00:00","breadcrumb":{"@id":"https:\/\/john-oscanlan.fr\/#breadcrumb"},"inLanguage":"fr-FR","potentialAction":[{"@type":"ReadAction","target":["https:\/\/john-oscanlan.fr\/"]}]},{"@type":"BreadcrumbList","@id":"https:\/\/john-oscanlan.fr\/#breadcrumb","itemListElement":[{"@type":"ListItem","position":1,"name":"Accueil","item":"https:\/\/john-oscanlan.fr\/"},{"@type":"ListItem","position":2,"name":"Accueil"}]},{"@type":"WebSite","@id":"https:\/\/john-oscanlan.fr\/#website","url":"https:\/\/john-oscanlan.fr\/","name":"John O'SCANLAN","description":"Dessins, sculptures et textes.","potentialAction":[{"@type":"SearchAction","target":{"@type":"EntryPoint","urlTemplate":"https:\/\/john-oscanlan.fr\/?s={search_term_string}"},"query-input":{"@type":"PropertyValueSpecification","valueRequired":true,"valueName":"search_term_string"}}],"inLanguage":"fr-FR"}]}},"_links":{"self":[{"href":"https:\/\/john-oscanlan.fr\/index.php?rest_route=\/wp\/v2\/pages\/18","targetHints":{"allow":["GET"]}}],"collection":[{"href":"https:\/\/john-oscanlan.fr\/index.php?rest_route=\/wp\/v2\/pages"}],"about":[{"href":"https:\/\/john-oscanlan.fr\/index.php?rest_route=\/wp\/v2\/types\/page"}],"author":[{"embeddable":true,"href":"https:\/\/john-oscanlan.fr\/index.php?rest_route=\/wp\/v2\/users\/2"}],"replies":[{"embeddable":true,"href":"https:\/\/john-oscanlan.fr\/index.php?rest_route=%2Fwp%2Fv2%2Fcomments&post=18"}],"version-history":[{"count":1,"href":"https:\/\/john-oscanlan.fr\/index.php?rest_route=\/wp\/v2\/pages\/18\/revisions"}],"predecessor-version":[{"id":4700,"href":"https:\/\/john-oscanlan.fr\/index.php?rest_route=\/wp\/v2\/pages\/18\/revisions\/4700"}],"wp:attachment":[{"href":"https:\/\/john-oscanlan.fr\/index.php?rest_route=%2Fwp%2Fv2%2Fmedia&parent=18"}],"curies":[{"name":"wp","href":"https:\/\/api.w.org\/{rel}","templated":true}]}}